{"id":42763,"date":"2017-08-01T15:58:18","date_gmt":"2017-08-01T13:58:18","guid":{"rendered":"https:\/\/www.zazzeri.it\/area-riservata\/"},"modified":"2018-02-21T10:59:08","modified_gmt":"2018-02-21T09:59:08","slug":"area-riservata","status":"publish","type":"page","link":"https:\/\/www.zazzeri.it\/fr\/area-riservata\/","title":{"rendered":"area riservata"},"content":{"rendered":"<p>[vc_row row_style=\u00a0\u00bbfull-width\u00a0\u00bb vertical_align=\u00a0\u00bbmiddle\u00a0\u00bb][vc_column background_color=\u00a0\u00bb#39729b\u00a0\u00bb width=\u00a0\u00bb1\/3&Prime; el_class=\u00a0\u00bbbox\u00a0\u00bb][vc_single_image image=\u00a0\u00bb36012&Prime; alignment=\u00a0\u00bbcenter\u00a0\u00bb][vc_custom_heading text=\u00a0\u00bbRevendeurs et Architectes\u00a0\u00bb font_container=\u00a0\u00bbtag:h3|text_align:center|color:%23ffffff\u00a0\u00bb google_fonts=\u00a0\u00bbfont_family:Nunito%3A300%2Cregular%2C700|font_style:400%20regular%3A400%3Anormal\u00a0\u00bb][vc_empty_space height=\u00a0\u00bb20px\u00a0\u00bb][wyde_button title=\u00a0\u00bbentrer\u00a0\u00bb size=\u00a0\u00bblarge\u00a0\u00bb link=\u00a0\u00bburl:http%3A%2F%2Fmanuali.zazzeri.it%2Fjsp%2FTemplate2%2FAreaRivenditori.jsp||target:%20_blank|\u00a0\u00bb][vc_empty_space height=\u00a0\u00bb25px\u00a0\u00bb][vc_column_text]Une gamme compl\u00e8te d&rsquo;instruments et de mat\u00e9riaux pour le r\u00e9seau de vente<br \/>\n[\/vc_column_text][\/vc_column][vc_column background_color=\u00a0\u00bb#4bd1a0&Prime; width=\u00a0\u00bb1\/3&Prime; el_class=\u00a0\u00bbbox\u00a0\u00bb][vc_single_image image=\u00a0\u00bb36018&Prime; alignment=\u00a0\u00bbcenter\u00a0\u00bb][vc_custom_heading text=\u00a0\u00bbAcc\u00e8s Agents\u00a0\u00bb font_container=\u00a0\u00bbtag:h3|text_align:center|color:%23000000&Prime; google_fonts=\u00a0\u00bbfont_family:Nunito%3A300%2Cregular%2C700|font_style:400%20regular%3A400%3Anormal\u00a0\u00bb][vc_empty_space height=\u00a0\u00bb20px\u00a0\u00bb][wyde_button title=\u00a0\u00bbentrer\u00a0\u00bb size=\u00a0\u00bblarge\u00a0\u00bb link=\u00a0\u00bburl:http%3A%2F%2Fagenti.zazzeri.it%2Fjsp%2FTemplate2%2FLogin.jsp||target:%20_blank|\u00a0\u00bb][vc_empty_space height=\u00a0\u00bb25px\u00a0\u00bb][vc_column_text]Chi avesse smarrito i propri dati pu\u00f2 farne richiesta all&rsquo;indirizzo e-mail incoming@zazzeri.it [\/vc_column_text][\/vc_column][vc_column background_color=\u00a0\u00bb#2f4d46&Prime; width=\u00a0\u00bb1\/3&Prime; el_class=\u00a0\u00bbbox\u00a0\u00bb][vc_single_image image=\u00a0\u00bb36024&Prime; alignment=\u00a0\u00bbcenter\u00a0\u00bb][vc_custom_heading text=\u00a0\u00bbWebCommerce\u00a0\u00bb font_container=\u00a0\u00bbtag:h3|text_align:center|color:%23ffffff\u00a0\u00bb google_fonts=\u00a0\u00bbfont_family:Nunito%3A300%2Cregular%2C700|font_style:400%20regular%3A400%3Anormal\u00a0\u00bb][vc_empty_space height=\u00a0\u00bb20px\u00a0\u00bb][wyde_button title=\u00a0\u00bbentrer\u00a0\u00bb size=\u00a0\u00bblarge\u00a0\u00bb link=\u00a0\u00bburl:http%3A%2F%2Fwebcommerce.zazzeri.it%2Fjsp%2Fshared%2Flive%2FchangeLanguage.jsp%3FLanguage%3Dfr||target:%20_blank|\u00a0\u00bb][vc_empty_space height=\u00a0\u00bb120px\u00a0\u00bb][vc_column_text][\/vc_column_text][\/vc_column][\/vc_row]<\/p>\n","protected":false},"excerpt":{"rendered":"<p>[vc_row row_style=\u00a0\u00bbfull-width\u00a0\u00bb vertical_align=\u00a0\u00bbmiddle\u00a0\u00bb][vc_column background_color=\u00a0\u00bb#39729b\u00a0\u00bb width=\u00a0\u00bb1\/3&Prime; el_class=\u00a0\u00bbbox\u00a0\u00bb][vc_single_image image=\u00a0\u00bb36012&Prime; alignment=\u00a0\u00bbcenter\u00a0\u00bb][vc_custom_heading text=\u00a0\u00bbRevendeurs et Architectes\u00a0\u00bb font_container=\u00a0\u00bbtag:h3|text_align:center|color:%23ffffff\u00a0\u00bb google_fonts=\u00a0\u00bbfont_family:Nunito%3A300%2Cregular%2C700|font_style:400%20regular%3A400%3Anormal\u00a0\u00bb][vc_empty_space height=\u00a0\u00bb20px\u00a0\u00bb][wyde_button title=\u00a0\u00bbentrer\u00a0\u00bb size=\u00a0\u00bblarge\u00a0\u00bb link=\u00a0\u00bburl:http%3A%2F%2Fmanuali.zazzeri.it%2Fjsp%2FTemplate2%2FAreaRivenditori.jsp||target:%20_blank|\u00a0\u00bb][vc_empty_space height=\u00a0\u00bb25px\u00a0\u00bb][vc_column_text]Une gamme compl\u00e8te [&hellip;]<\/p>\n","protected":false},"author":1,"featured_media":0,"parent":0,"menu_order":0,"comment_status":"closed","ping_status":"closed","template":"page-area-riservata.php","meta":[],"acf":[],"yoast_head":"<!-- This site is optimized with the Yoast SEO plugin v19.8 - https:\/\/yoast.com\/wordpress\/plugins\/seo\/ -->\n<title>area riservata - Rubinetterie Zazzeri<\/title>\n<meta name=\"robots\" content=\"noindex, nofollow\" \/>\n<meta property=\"og:locale\" content=\"fr_FR\" \/>\n<meta property=\"og:type\" content=\"article\" \/>\n<meta property=\"og:title\" content=\"area riservata - Rubinetterie Zazzeri\" \/>\n<meta property=\"og:description\" content=\"[vc_row row_style=\u00a0\u00bbfull-width\u00a0\u00bb vertical_align=\u00a0\u00bbmiddle\u00a0\u00bb][vc_column background_color=\u00a0\u00bb#39729b\u00a0\u00bb width=\u00a0\u00bb1\/3&Prime; el_class=\u00a0\u00bbbox\u00a0\u00bb][vc_single_image image=\u00a0\u00bb36012&Prime; alignment=\u00a0\u00bbcenter\u00a0\u00bb][vc_custom_heading text=\u00a0\u00bbRevendeurs et Architectes\u00a0\u00bb font_container=\u00a0\u00bbtag:h3|text_align:center|color:%23ffffff\u00a0\u00bb google_fonts=\u00a0\u00bbfont_family:Nunito%3A300%2Cregular%2C700|font_style:400%20regular%3A400%3Anormal\u00a0\u00bb][vc_empty_space height=\u00a0\u00bb20px\u00a0\u00bb][wyde_button title=\u00a0\u00bbentrer\u00a0\u00bb size=\u00a0\u00bblarge\u00a0\u00bb link=\u00a0\u00bburl:http%3A%2F%2Fmanuali.zazzeri.it%2Fjsp%2FTemplate2%2FAreaRivenditori.jsp||target:%20_blank|\u00a0\u00bb][vc_empty_space height=\u00a0\u00bb25px\u00a0\u00bb][vc_column_text]Une gamme compl\u00e8te [&hellip;]\" \/>\n<meta property=\"og:url\" content=\"https:\/\/www.zazzeri.it\/fr\/area-riservata\/\" \/>\n<meta property=\"og:site_name\" content=\"Rubinetterie Zazzeri\" \/>\n<meta property=\"article:modified_time\" content=\"2018-02-21T09:59:08+00:00\" \/>\n<meta name=\"twitter:card\" content=\"summary_large_image\" \/>\n<meta name=\"twitter:label1\" content=\"Dur\u00e9e de lecture estim\u00e9e\" \/>\n\t<meta name=\"twitter:data1\" content=\"1 minute\" \/>\n<script type=\"application\/ld+json\" class=\"yoast-schema-graph\">{\"@context\":\"https:\/\/schema.org\",\"@graph\":[{\"@type\":\"WebPage\",\"@id\":\"https:\/\/www.zazzeri.it\/fr\/area-riservata\/\",\"url\":\"https:\/\/www.zazzeri.it\/fr\/area-riservata\/\",\"name\":\"area riservata - Rubinetterie Zazzeri\",\"isPartOf\":{\"@id\":\"https:\/\/www.zazzeri-armaturen.de\/#website\"},\"datePublished\":\"2017-08-01T13:58:18+00:00\",\"dateModified\":\"2018-02-21T09:59:08+00:00\",\"breadcrumb\":{\"@id\":\"https:\/\/www.zazzeri.it\/fr\/area-riservata\/#breadcrumb\"},\"inLanguage\":\"fr-FR\",\"potentialAction\":[{\"@type\":\"ReadAction\",\"target\":[\"https:\/\/www.zazzeri.it\/fr\/area-riservata\/\"]}]},{\"@type\":\"BreadcrumbList\",\"@id\":\"https:\/\/www.zazzeri.it\/fr\/area-riservata\/#breadcrumb\",\"itemListElement\":[{\"@type\":\"ListItem\",\"position\":1,\"name\":\"Home\",\"item\":\"https:\/\/www.zazzeri.fr\/\"},{\"@type\":\"ListItem\",\"position\":2,\"name\":\"area riservata\"}]},{\"@type\":\"WebSite\",\"@id\":\"https:\/\/www.zazzeri-armaturen.de\/#website\",\"url\":\"https:\/\/www.zazzeri-armaturen.de\/\",\"name\":\"Rubinetterie Zazzeri\",\"description\":\"\",\"publisher\":{\"@id\":\"https:\/\/www.zazzeri-armaturen.de\/#organization\"},\"potentialAction\":[{\"@type\":\"SearchAction\",\"target\":{\"@type\":\"EntryPoint\",\"urlTemplate\":\"https:\/\/www.zazzeri-armaturen.de\/?s={search_term_string}\"},\"query-input\":\"required name=search_term_string\"}],\"inLanguage\":\"fr-FR\"},{\"@type\":\"Organization\",\"@id\":\"https:\/\/www.zazzeri-armaturen.de\/#organization\",\"name\":\"Zazzeri Rubinetterie\",\"url\":\"https:\/\/www.zazzeri-armaturen.de\/\",\"sameAs\":[],\"logo\":{\"@type\":\"ImageObject\",\"inLanguage\":\"fr-FR\",\"@id\":\"https:\/\/www.zazzeri-armaturen.de\/#\/schema\/logo\/image\/\",\"url\":\"https:\/\/www.zazzeri.es\/wp-content\/uploads\/\/2019\/02\/logo_zazzeri_90_web_mail_N.jpg\",\"contentUrl\":\"https:\/\/www.zazzeri.es\/wp-content\/uploads\/\/2019\/02\/logo_zazzeri_90_web_mail_N.jpg\",\"width\":410,\"height\":100,\"caption\":\"Zazzeri Rubinetterie\"},\"image\":{\"@id\":\"https:\/\/www.zazzeri-armaturen.de\/#\/schema\/logo\/image\/\"}}]}<\/script>\n<!-- \/ Yoast SEO plugin. -->","yoast_head_json":{"title":"area riservata - Rubinetterie Zazzeri","robots":{"index":"noindex","follow":"nofollow"},"og_locale":"fr_FR","og_type":"article","og_title":"area riservata - Rubinetterie Zazzeri","og_description":"[vc_row row_style=\u00a0\u00bbfull-width\u00a0\u00bb vertical_align=\u00a0\u00bbmiddle\u00a0\u00bb][vc_column background_color=\u00a0\u00bb#39729b\u00a0\u00bb width=\u00a0\u00bb1\/3&Prime; el_class=\u00a0\u00bbbox\u00a0\u00bb][vc_single_image image=\u00a0\u00bb36012&Prime; alignment=\u00a0\u00bbcenter\u00a0\u00bb][vc_custom_heading text=\u00a0\u00bbRevendeurs et Architectes\u00a0\u00bb font_container=\u00a0\u00bbtag:h3|text_align:center|color:%23ffffff\u00a0\u00bb google_fonts=\u00a0\u00bbfont_family:Nunito%3A300%2Cregular%2C700|font_style:400%20regular%3A400%3Anormal\u00a0\u00bb][vc_empty_space height=\u00a0\u00bb20px\u00a0\u00bb][wyde_button title=\u00a0\u00bbentrer\u00a0\u00bb size=\u00a0\u00bblarge\u00a0\u00bb link=\u00a0\u00bburl:http%3A%2F%2Fmanuali.zazzeri.it%2Fjsp%2FTemplate2%2FAreaRivenditori.jsp||target:%20_blank|\u00a0\u00bb][vc_empty_space height=\u00a0\u00bb25px\u00a0\u00bb][vc_column_text]Une gamme compl\u00e8te [&hellip;]","og_url":"https:\/\/www.zazzeri.it\/fr\/area-riservata\/","og_site_name":"Rubinetterie Zazzeri","article_modified_time":"2018-02-21T09:59:08+00:00","twitter_card":"summary_large_image","twitter_misc":{"Dur\u00e9e de lecture estim\u00e9e":"1 minute"},"schema":{"@context":"https:\/\/schema.org","@graph":[{"@type":"WebPage","@id":"https:\/\/www.zazzeri.it\/fr\/area-riservata\/","url":"https:\/\/www.zazzeri.it\/fr\/area-riservata\/","name":"area riservata - Rubinetterie Zazzeri","isPartOf":{"@id":"https:\/\/www.zazzeri-armaturen.de\/#website"},"datePublished":"2017-08-01T13:58:18+00:00","dateModified":"2018-02-21T09:59:08+00:00","breadcrumb":{"@id":"https:\/\/www.zazzeri.it\/fr\/area-riservata\/#breadcrumb"},"inLanguage":"fr-FR","potentialAction":[{"@type":"ReadAction","target":["https:\/\/www.zazzeri.it\/fr\/area-riservata\/"]}]},{"@type":"BreadcrumbList","@id":"https:\/\/www.zazzeri.it\/fr\/area-riservata\/#breadcrumb","itemListElement":[{"@type":"ListItem","position":1,"name":"Home","item":"https:\/\/www.zazzeri.fr\/"},{"@type":"ListItem","position":2,"name":"area riservata"}]},{"@type":"WebSite","@id":"https:\/\/www.zazzeri-armaturen.de\/#website","url":"https:\/\/www.zazzeri-armaturen.de\/","name":"Rubinetterie Zazzeri","description":"","publisher":{"@id":"https:\/\/www.zazzeri-armaturen.de\/#organization"},"potentialAction":[{"@type":"SearchAction","target":{"@type":"EntryPoint","urlTemplate":"https:\/\/www.zazzeri-armaturen.de\/?s={search_term_string}"},"query-input":"required name=search_term_string"}],"inLanguage":"fr-FR"},{"@type":"Organization","@id":"https:\/\/www.zazzeri-armaturen.de\/#organization","name":"Zazzeri Rubinetterie","url":"https:\/\/www.zazzeri-armaturen.de\/","sameAs":[],"logo":{"@type":"ImageObject","inLanguage":"fr-FR","@id":"https:\/\/www.zazzeri-armaturen.de\/#\/schema\/logo\/image\/","url":"https:\/\/www.zazzeri.es\/wp-content\/uploads\/\/2019\/02\/logo_zazzeri_90_web_mail_N.jpg","contentUrl":"https:\/\/www.zazzeri.es\/wp-content\/uploads\/\/2019\/02\/logo_zazzeri_90_web_mail_N.jpg","width":410,"height":100,"caption":"Zazzeri Rubinetterie"},"image":{"@id":"https:\/\/www.zazzeri-armaturen.de\/#\/schema\/logo\/image\/"}}]}},"_links":{"self":[{"href":"https:\/\/www.zazzeri.it\/fr\/wp-json\/wp\/v2\/pages\/42763\/"}],"collection":[{"href":"https:\/\/www.zazzeri.it\/fr\/wp-json\/wp\/v2\/pages\/"}],"about":[{"href":"https:\/\/www.zazzeri.it\/fr\/wp-json\/wp\/v2\/types\/page\/"}],"author":[{"embeddable":true,"href":"https:\/\/www.zazzeri.it\/fr\/wp-json\/wp\/v2\/users\/1\/"}],"replies":[{"embeddable":true,"href":"https:\/\/www.zazzeri.it\/fr\/wp-json\/wp\/v2\/comments\/?post=42763"}],"version-history":[{"count":0,"href":"https:\/\/www.zazzeri.it\/fr\/wp-json\/wp\/v2\/pages\/42763\/revisions\/"}],"wp:attachment":[{"href":"https:\/\/www.zazzeri.it\/fr\/wp-json\/wp\/v2\/media\/?parent=42763"}],"curies":[{"name":"wp","href":"https:\/\/api.w.org\/{rel}","templated":true}]}}