{"id":360,"date":"2017-05-03T19:26:07","date_gmt":"2017-05-03T17:26:07","guid":{"rendered":"https:\/\/www.zazzeri.it\/blog\/"},"modified":"2017-12-04T17:07:01","modified_gmt":"2017-12-04T16:07:01","slug":"blog","status":"publish","type":"page","link":"https:\/\/www.zazzeri.it\/fr\/blog\/","title":{"rendered":"Blog"},"content":{"rendered":"","protected":false},"excerpt":{"rendered":"","protected":false},"author":1,"featured_media":0,"parent":0,"menu_order":0,"comment_status":"closed","ping_status":"closed","template":"page-blog.php","meta":[],"acf":[],"yoast_head":"<!-- This site is optimized with the Yoast SEO plugin v19.8 - https:\/\/yoast.com\/wordpress\/plugins\/seo\/ -->\n<title>News sur Zazzeri et le monde de l\u2019 am\u00e9nagement de salle de bains.<\/title>\n<meta name=\"description\" content=\"Info \u00e0 la une sur le monde Zazzeri et sa recherche de la perfection dans le domaine de l\u2019 am\u00e9nagement des salle de bains. D\u00e9couvrez les prochaines foires o\u00f9 vous pourrez venir nous rendre visite, les nouveaux designers qui collaboreront avec nous et beaucoup d\u2019autres choses encore.\" \/>\n<meta name=\"robots\" content=\"index, follow, max-snippet:-1, max-image-preview:large, max-video-preview:-1\" \/>\n<link rel=\"canonical\" href=\"https:\/\/www.zazzeri.fr\/blog\/\" \/>\n<meta property=\"og:locale\" content=\"fr_FR\" \/>\n<meta property=\"og:type\" content=\"article\" \/>\n<meta property=\"og:title\" content=\"News sur Zazzeri et le monde de l\u2019 am\u00e9nagement de salle de bains.\" \/>\n<meta property=\"og:description\" content=\"Info \u00e0 la une sur le monde Zazzeri et sa recherche de la perfection dans le domaine de l\u2019 am\u00e9nagement des salle de bains. D\u00e9couvrez les prochaines foires o\u00f9 vous pourrez venir nous rendre visite, les nouveaux designers qui collaboreront avec nous et beaucoup d\u2019autres choses encore.\" \/>\n<meta property=\"og:url\" content=\"https:\/\/www.zazzeri.fr\/blog\/\" \/>\n<meta property=\"og:site_name\" content=\"Rubinetterie Zazzeri\" \/>\n<meta property=\"article:modified_time\" content=\"2017-12-04T16:07:01+00:00\" \/>\n<meta name=\"twitter:card\" content=\"summary_large_image\" \/>\n<script type=\"application\/ld+json\" class=\"yoast-schema-graph\">{\"@context\":\"https:\/\/schema.org\",\"@graph\":[{\"@type\":\"WebPage\",\"@id\":\"https:\/\/www.zazzeri.fr\/blog\/\",\"url\":\"https:\/\/www.zazzeri.fr\/blog\/\",\"name\":\"News sur Zazzeri et le monde de l\u2019 am\u00e9nagement de salle de bains.\",\"isPartOf\":{\"@id\":\"https:\/\/www.zazzeri-armaturen.de\/#website\"},\"datePublished\":\"2017-05-03T17:26:07+00:00\",\"dateModified\":\"2017-12-04T16:07:01+00:00\",\"description\":\"Info \u00e0 la une sur le monde Zazzeri et sa recherche de la perfection dans le domaine de l\u2019 am\u00e9nagement des salle de bains. D\u00e9couvrez les prochaines foires o\u00f9 vous pourrez venir nous rendre visite, les nouveaux designers qui collaboreront avec nous et beaucoup d\u2019autres choses encore.\",\"breadcrumb\":{\"@id\":\"https:\/\/www.zazzeri.fr\/blog\/#breadcrumb\"},\"inLanguage\":\"fr-FR\",\"potentialAction\":[{\"@type\":\"ReadAction\",\"target\":[\"https:\/\/www.zazzeri.fr\/blog\/\"]}]},{\"@type\":\"BreadcrumbList\",\"@id\":\"https:\/\/www.zazzeri.fr\/blog\/#breadcrumb\",\"itemListElement\":[{\"@type\":\"ListItem\",\"position\":1,\"name\":\"Home\",\"item\":\"https:\/\/www.zazzeri.fr\/\"},{\"@type\":\"ListItem\",\"position\":2,\"name\":\"Blog\"}]},{\"@type\":\"WebSite\",\"@id\":\"https:\/\/www.zazzeri-armaturen.de\/#website\",\"url\":\"https:\/\/www.zazzeri-armaturen.de\/\",\"name\":\"Rubinetterie Zazzeri\",\"description\":\"\",\"publisher\":{\"@id\":\"https:\/\/www.zazzeri-armaturen.de\/#organization\"},\"potentialAction\":[{\"@type\":\"SearchAction\",\"target\":{\"@type\":\"EntryPoint\",\"urlTemplate\":\"https:\/\/www.zazzeri-armaturen.de\/?s={search_term_string}\"},\"query-input\":\"required name=search_term_string\"}],\"inLanguage\":\"fr-FR\"},{\"@type\":\"Organization\",\"@id\":\"https:\/\/www.zazzeri-armaturen.de\/#organization\",\"name\":\"Zazzeri Rubinetterie\",\"url\":\"https:\/\/www.zazzeri-armaturen.de\/\",\"sameAs\":[],\"logo\":{\"@type\":\"ImageObject\",\"inLanguage\":\"fr-FR\",\"@id\":\"https:\/\/www.zazzeri-armaturen.de\/#\/schema\/logo\/image\/\",\"url\":\"https:\/\/www.zazzeri.es\/wp-content\/uploads\/\/2019\/02\/logo_zazzeri_90_web_mail_N.jpg\",\"contentUrl\":\"https:\/\/www.zazzeri.es\/wp-content\/uploads\/\/2019\/02\/logo_zazzeri_90_web_mail_N.jpg\",\"width\":410,\"height\":100,\"caption\":\"Zazzeri Rubinetterie\"},\"image\":{\"@id\":\"https:\/\/www.zazzeri-armaturen.de\/#\/schema\/logo\/image\/\"}}]}<\/script>\n<!-- \/ Yoast SEO plugin. -->","yoast_head_json":{"title":"News sur Zazzeri et le monde de l\u2019 am\u00e9nagement de salle de bains.","description":"Info \u00e0 la une sur le monde Zazzeri et sa recherche de la perfection dans le domaine de l\u2019 am\u00e9nagement des salle de bains. D\u00e9couvrez les prochaines foires o\u00f9 vous pourrez venir nous rendre visite, les nouveaux designers qui collaboreront avec nous et beaucoup d\u2019autres choses encore.","robots":{"index":"index","follow":"follow","max-snippet":"max-snippet:-1","max-image-preview":"max-image-preview:large","max-video-preview":"max-video-preview:-1"},"canonical":"https:\/\/www.zazzeri.fr\/blog\/","og_locale":"fr_FR","og_type":"article","og_title":"News sur Zazzeri et le monde de l\u2019 am\u00e9nagement de salle de bains.","og_description":"Info \u00e0 la une sur le monde Zazzeri et sa recherche de la perfection dans le domaine de l\u2019 am\u00e9nagement des salle de bains. D\u00e9couvrez les prochaines foires o\u00f9 vous pourrez venir nous rendre visite, les nouveaux designers qui collaboreront avec nous et beaucoup d\u2019autres choses encore.","og_url":"https:\/\/www.zazzeri.fr\/blog\/","og_site_name":"Rubinetterie Zazzeri","article_modified_time":"2017-12-04T16:07:01+00:00","twitter_card":"summary_large_image","schema":{"@context":"https:\/\/schema.org","@graph":[{"@type":"WebPage","@id":"https:\/\/www.zazzeri.fr\/blog\/","url":"https:\/\/www.zazzeri.fr\/blog\/","name":"News sur Zazzeri et le monde de l\u2019 am\u00e9nagement de salle de bains.","isPartOf":{"@id":"https:\/\/www.zazzeri-armaturen.de\/#website"},"datePublished":"2017-05-03T17:26:07+00:00","dateModified":"2017-12-04T16:07:01+00:00","description":"Info \u00e0 la une sur le monde Zazzeri et sa recherche de la perfection dans le domaine de l\u2019 am\u00e9nagement des salle de bains. D\u00e9couvrez les prochaines foires o\u00f9 vous pourrez venir nous rendre visite, les nouveaux designers qui collaboreront avec nous et beaucoup d\u2019autres choses encore.","breadcrumb":{"@id":"https:\/\/www.zazzeri.fr\/blog\/#breadcrumb"},"inLanguage":"fr-FR","potentialAction":[{"@type":"ReadAction","target":["https:\/\/www.zazzeri.fr\/blog\/"]}]},{"@type":"BreadcrumbList","@id":"https:\/\/www.zazzeri.fr\/blog\/#breadcrumb","itemListElement":[{"@type":"ListItem","position":1,"name":"Home","item":"https:\/\/www.zazzeri.fr\/"},{"@type":"ListItem","position":2,"name":"Blog"}]},{"@type":"WebSite","@id":"https:\/\/www.zazzeri-armaturen.de\/#website","url":"https:\/\/www.zazzeri-armaturen.de\/","name":"Rubinetterie Zazzeri","description":"","publisher":{"@id":"https:\/\/www.zazzeri-armaturen.de\/#organization"},"potentialAction":[{"@type":"SearchAction","target":{"@type":"EntryPoint","urlTemplate":"https:\/\/www.zazzeri-armaturen.de\/?s={search_term_string}"},"query-input":"required name=search_term_string"}],"inLanguage":"fr-FR"},{"@type":"Organization","@id":"https:\/\/www.zazzeri-armaturen.de\/#organization","name":"Zazzeri Rubinetterie","url":"https:\/\/www.zazzeri-armaturen.de\/","sameAs":[],"logo":{"@type":"ImageObject","inLanguage":"fr-FR","@id":"https:\/\/www.zazzeri-armaturen.de\/#\/schema\/logo\/image\/","url":"https:\/\/www.zazzeri.es\/wp-content\/uploads\/\/2019\/02\/logo_zazzeri_90_web_mail_N.jpg","contentUrl":"https:\/\/www.zazzeri.es\/wp-content\/uploads\/\/2019\/02\/logo_zazzeri_90_web_mail_N.jpg","width":410,"height":100,"caption":"Zazzeri Rubinetterie"},"image":{"@id":"https:\/\/www.zazzeri-armaturen.de\/#\/schema\/logo\/image\/"}}]}},"_links":{"self":[{"href":"https:\/\/www.zazzeri.it\/fr\/wp-json\/wp\/v2\/pages\/360\/"}],"collection":[{"href":"https:\/\/www.zazzeri.it\/fr\/wp-json\/wp\/v2\/pages\/"}],"about":[{"href":"https:\/\/www.zazzeri.it\/fr\/wp-json\/wp\/v2\/types\/page\/"}],"author":[{"embeddable":true,"href":"https:\/\/www.zazzeri.it\/fr\/wp-json\/wp\/v2\/users\/1\/"}],"replies":[{"embeddable":true,"href":"https:\/\/www.zazzeri.it\/fr\/wp-json\/wp\/v2\/comments\/?post=360"}],"version-history":[{"count":0,"href":"https:\/\/www.zazzeri.it\/fr\/wp-json\/wp\/v2\/pages\/360\/revisions\/"}],"wp:attachment":[{"href":"https:\/\/www.zazzeri.it\/fr\/wp-json\/wp\/v2\/media\/?parent=360"}],"curies":[{"name":"wp","href":"https:\/\/api.w.org\/{rel}","templated":true}]}}