{"id":20969,"date":"2017-05-08T15:02:47","date_gmt":"2017-05-08T13:02:47","guid":{"rendered":"https:\/\/www.zazzeri.it\/about\/"},"modified":"2021-10-12T17:51:02","modified_gmt":"2021-10-12T15:51:02","slug":"about-2","status":"publish","type":"page","link":"https:\/\/www.zazzeri.it\/fr\/about-2\/","title":{"rendered":"About"},"content":{"rendered":"<p>[vc_row el_id=\u00a0\u00bbvalori\u00a0\u00bb][vc_column][vc_single_image image=\u00a0\u00bb11102&Prime; alignment=\u00a0\u00bbcenter\u00a0\u00bb][vc_custom_heading text=\u00a0\u00bbRubinetterie Zazzeri S.p.A.\u00a0\u00bb font_container=\u00a0\u00bbtag:h1|font_size:28|text_align:center|color:%230d0923&Prime; google_fonts=\u00a0\u00bbfont_family:Nunito%3A300%2Cregular%2C700|font_style:700%20bold%20regular%3A700%3Anormal\u00a0\u00bb css=\u00a0\u00bb.vc_custom_1494248648379{margin-top: 15px !important;}\u00a0\u00bb][vc_custom_heading text=\u00a0\u00bbDepuis plus de 90 ans d&rsquo;excellence dans la vie quotidienne\u00a0\u00bb font_container=\u00a0\u00bbtag:h2|font_size:18|text_align:center|color:%230c3c60&Prime; google_fonts=\u00a0\u00bbfont_family:Nunito%3A300%2Cregular%2C700|font_style:400%20regular%3A400%3Anormal\u00a0\u00bb text_transform=\u00a0\u00bbnone\u00a0\u00bb][vc_column_text]<\/p>\n<p class=\"font_7\" style=\"text-align: center;\">\u00a0Depuis 1929 Zazzeri S.pA. produit des installations design, maintenant sa production est divis\u00e9 par le moderne, le classique et les collections de douches. La coh\u00e9rence du style, l&rsquo;attention aux d\u00e9tails avec les solutions techniques innovantes font que Zazzeri convient aux meilleur projets d&rsquo;int\u00e9rieur de salle de bains.<br \/>\nL&rsquo;exp\u00e9rience, le professionnalisme, l&rsquo;utilisation des meilleures mati\u00e8res,mais aussi un talent incontestable d&rsquo;\u00eatre en mesure de comprendre, et influencent souvent les tendances du march\u00e9.<br \/>\nTout cela a fait Zazzeri une r\u00e9alit\u00e9 unique, qui allie design et tradition.<\/p>\n<p>[\/vc_column_text][\/vc_column][\/vc_row][vc_row el_id=\u00a0\u00bbstoria\u00a0\u00bb][vc_column]<div id=\"ult-carousel-135072126669ea528376889\" class=\"ult-carousel-wrapper   ult_horizontal\" data-gutter=\"15\" data-rtl=\"false\" ><div class=\"ult-carousel-141255062269ea528376793 \" >[vc_row_inner][vc_column_inner][vc_column_text el_class=\u00a0\u00bbheight-132&Prime;]<\/p>\n<div class=\"number\">1929<\/div>\n<div class=\"cit-text\">La premi\u00e8re production de robinets etait a Florence dans l&rsquo;etablissement de Via della Burella<\/div>\n<div class=\"clear\"><\/div>\n<p>[\/vc_column_text][vc_single_image image=\u00a0\u00bb11106&Prime; alignment=\u00a0\u00bbcenter\u00a0\u00bb][\/vc_column_inner][\/vc_row_inner][vc_row_inner][vc_column_inner][vc_column_text el_class=\u00a0\u00bbheight-132&Prime;]<\/p>\n<div class=\"number\">1966<\/div>\n<div class=\"cit-text\">Les premiers robinets en laiton<\/div>\n<div class=\"clear\"><\/div>\n<p>[\/vc_column_text][vc_single_image image=\u00a0\u00bb11110&Prime; alignment=\u00a0\u00bbcenter\u00a0\u00bb][\/vc_column_inner][\/vc_row_inner][vc_row_inner][vc_column_inner][vc_column_text el_class=\u00a0\u00bbheight-132&Prime;]<\/p>\n<div class=\"number\">1970<\/div>\n<div class=\"cit-text\">Zazzeri invente la couleur dans de nouveaux \u00e9quipements<\/div>\n<div class=\"clear\"><\/div>\n<p>[\/vc_column_text][vc_single_image image=\u00a0\u00bb11114&Prime; alignment=\u00a0\u00bbcenter\u00a0\u00bb][\/vc_column_inner][\/vc_row_inner][vc_row_inner][vc_column_inner][vc_column_text el_class=\u00a0\u00bbheight-132&Prime;]<\/p>\n<div class=\"number\">1975<\/div>\n<div class=\"cit-text\">Le nouveau Logo<\/div>\n<div class=\"clear\"><\/div>\n<p>[\/vc_column_text][vc_single_image image=\u00a0\u00bb11118&Prime; alignment=\u00a0\u00bbcenter\u00a0\u00bb][\/vc_column_inner][\/vc_row_inner][vc_row_inner][vc_column_inner][vc_column_text el_class=\u00a0\u00bbheight-132&Prime;]<\/p>\n<div class=\"number\">1977<\/div>\n<div class=\"cit-text\">Les nouveaux produits confirment que la marque Zazzeri convient aux projets d&rsquo;int\u00e9rieur<\/div>\n<div class=\"clear\"><\/div>\n<p>[\/vc_column_text][vc_single_image image=\u00a0\u00bb11122&Prime; alignment=\u00a0\u00bbcenter\u00a0\u00bb][\/vc_column_inner][\/vc_row_inner][vc_row_inner][vc_column_inner][vc_column_text el_class=\u00a0\u00bbheight-132&Prime;]<\/p>\n<div class=\"number\">1988<\/div>\n<div class=\"cit-text\">Zazzeri est expose chez le Moma \u00e0 New York<\/div>\n<div class=\"clear\"><\/div>\n<p>[\/vc_column_text][vc_single_image image=\u00a0\u00bb11126&Prime; alignment=\u00a0\u00bbcenter\u00a0\u00bb][\/vc_column_inner][\/vc_row_inner][vc_row_inner][vc_column_inner][vc_column_text el_class=\u00a0\u00bbheight-132&Prime;]<\/p>\n<div class=\"number\">1990<\/div>\n<div class=\"cit-text\">Le processus de renouvellement conduit Zazzeri \u00e0 devenir l\u2019une des industries les plus avanc\u00e9es<\/div>\n<div class=\"clear\"><\/div>\n<p>[\/vc_column_text][vc_single_image image=\u00a0\u00bb11130&Prime; alignment=\u00a0\u00bbcenter\u00a0\u00bb][\/vc_column_inner][\/vc_row_inner][vc_row_inner][vc_column_inner][vc_column_text el_class=\u00a0\u00bbheight-132&Prime;]<\/p>\n<div class=\"number\">2000<\/div>\n<div class=\"cit-text\">Zazzeri interpr\u00e8te le robinet dans le nouveau si\u00e8cle<\/div>\n<div class=\"clear\"><\/div>\n<p>[\/vc_column_text][vc_single_image image=\u00a0\u00bb11134&Prime; alignment=\u00a0\u00bbcenter\u00a0\u00bb][\/vc_column_inner][\/vc_row_inner][vc_row_inner][vc_column_inner][vc_column_text el_class=\u00a0\u00bbheight-132&Prime;]<\/p>\n<div class=\"number\">2010<\/div>\n<div class=\"cit-text\">Zazzeri aujourd&rsquo;hui est le leader du march\u00e9<\/div>\n<div class=\"clear\"><\/div>\n<p>[\/vc_column_text][vc_single_image image=\u00a0\u00bb11138&Prime; alignment=\u00a0\u00bbcenter\u00a0\u00bb][\/vc_column_inner][\/vc_row_inner]<\/div><\/div>\t\t\t<script type=\"text\/javascript\">\n\t\t\t\tjQuery(document).ready(function ($) {\n\t\t\t\t\t$('.ult-carousel-141255062269ea528376793').slick({dots: true,autoplay: true,autoplaySpeed: 5000,speed: 300,infinite: true,arrows: true,nextArrow: '<button type=\"button\" role=\"button\" aria-label=\"Next\" style=\"color:#333333; font-size:20px;\" class=\"slick-next default\"><i class=\"ultsl-arrow-right4\"><\/i><\/button>',prevArrow: '<button type=\"button\" role=\"button\" aria-label=\"Previous\" style=\"color:#333333; font-size:20px;\" class=\"slick-prev default\"><i class=\"ultsl-arrow-left4\"><\/i><\/button>',slidesToScroll:1,slidesToShow:1,swipe: true,draggable: true,touchMove: true,pauseOnHover: true,responsive: [\n\t\t\t\t\t\t\t{\n\t\t\t\t\t\t\t  breakpoint: 1025,\n\t\t\t\t\t\t\t  settings: {\n\t\t\t\t\t\t\t\tslidesToShow: 1,\n\t\t\t\t\t\t\t\tslidesToScroll: 1,  \n\t\t\t\t\t\t\t  }\n\t\t\t\t\t\t\t},\n\t\t\t\t\t\t\t{\n\t\t\t\t\t\t\t  breakpoint: 769,\n\t\t\t\t\t\t\t  settings: {\n\t\t\t\t\t\t\t\tslidesToShow: 1,\n\t\t\t\t\t\t\t\tslidesToScroll: 1\n\t\t\t\t\t\t\t  }\n\t\t\t\t\t\t\t},\n\t\t\t\t\t\t\t{\n\t\t\t\t\t\t\t  breakpoint: 481,\n\t\t\t\t\t\t\t  settings: {\n\t\t\t\t\t\t\t\tslidesToShow: 1,\n\t\t\t\t\t\t\t\tslidesToScroll: 1\n\t\t\t\t\t\t\t  }\n\t\t\t\t\t\t\t}\n\t\t\t\t\t\t],pauseOnDotsHover: true,customPaging: function(slider, i) {\n                   return '<i type=\"button\" style=\"color:#333333;\" class=\"ultsl-record\" data-role=\"none\"><\/i>';\n                },});\n\t\t\t\t});\n\t\t\t<\/script>\n\t\t\t[\/vc_column][\/vc_row][vc_row][vc_column][\/vc_column][\/vc_row]<\/p>\n","protected":false},"excerpt":{"rendered":"<p>[vc_row el_id=\u00a0\u00bbvalori\u00a0\u00bb][vc_column][vc_single_image image=\u00a0\u00bb11102&Prime; alignment=\u00a0\u00bbcenter\u00a0\u00bb][vc_custom_heading text=\u00a0\u00bbRubinetterie Zazzeri S.p.A.\u00a0\u00bb font_container=\u00a0\u00bbtag:h1|font_size:28|text_align:center|color:%230d0923&Prime; google_fonts=\u00a0\u00bbfont_family:Nunito%3A300%2Cregular%2C700|font_style:700%20bold%20regular%3A700%3Anormal\u00a0\u00bb css=\u00a0\u00bb.vc_custom_1494248648379{margin-top: 15px !important;}\u00a0\u00bb][vc_custom_heading text=\u00a0\u00bbDepuis plus de 90 ans d&rsquo;excellence dans la [&hellip;]<\/p>\n","protected":false},"author":1,"featured_media":0,"parent":0,"menu_order":0,"comment_status":"closed","ping_status":"closed","template":"","meta":[],"acf":[],"yoast_head":"<!-- This site is optimized with the Yoast SEO plugin v19.8 - https:\/\/yoast.com\/wordpress\/plugins\/seo\/ -->\n<title>Zazzeri, est depuis sa cr\u00e9ation en 1929, robinetteries de design pour la salle de bains<\/title>\n<meta name=\"description\" content=\"Depuis 1929 Zazzeri travaille sur les robinetteries de design, aujourd\u2019hui d\u00e9clin\u00e9es dans les collections Modern, Classic, Shower pour les meilleurs projets d\u2019 am\u00e9nagement de l\u2019espace salle de bain.\" \/>\n<meta name=\"robots\" content=\"index, follow, max-snippet:-1, max-image-preview:large, max-video-preview:-1\" \/>\n<link rel=\"canonical\" href=\"https:\/\/www.zazzeri.fr\/about-2\/\" \/>\n<meta property=\"og:locale\" content=\"fr_FR\" \/>\n<meta property=\"og:type\" content=\"article\" \/>\n<meta property=\"og:title\" content=\"Zazzeri, est depuis sa cr\u00e9ation en 1929, robinetteries de design pour la salle de bains\" \/>\n<meta property=\"og:description\" content=\"Depuis 1929 Zazzeri travaille sur les robinetteries de design, aujourd\u2019hui d\u00e9clin\u00e9es dans les collections Modern, Classic, Shower pour les meilleurs projets d\u2019 am\u00e9nagement de l\u2019espace salle de bain.\" \/>\n<meta property=\"og:url\" content=\"https:\/\/www.zazzeri.fr\/about-2\/\" \/>\n<meta property=\"og:site_name\" content=\"Rubinetterie Zazzeri\" \/>\n<meta property=\"article:modified_time\" content=\"2021-10-12T15:51:02+00:00\" \/>\n<meta name=\"twitter:card\" content=\"summary_large_image\" \/>\n<meta name=\"twitter:label1\" content=\"Dur\u00e9e de lecture estim\u00e9e\" \/>\n\t<meta name=\"twitter:data1\" content=\"2 minutes\" \/>\n<script type=\"application\/ld+json\" class=\"yoast-schema-graph\">{\"@context\":\"https:\/\/schema.org\",\"@graph\":[{\"@type\":\"WebPage\",\"@id\":\"https:\/\/www.zazzeri.fr\/about-2\/\",\"url\":\"https:\/\/www.zazzeri.fr\/about-2\/\",\"name\":\"Zazzeri, est depuis sa cr\u00e9ation en 1929, robinetteries de design pour la salle de bains\",\"isPartOf\":{\"@id\":\"https:\/\/www.zazzeri-armaturen.de\/#website\"},\"datePublished\":\"2017-05-08T13:02:47+00:00\",\"dateModified\":\"2021-10-12T15:51:02+00:00\",\"description\":\"Depuis 1929 Zazzeri travaille sur les robinetteries de design, aujourd\u2019hui d\u00e9clin\u00e9es dans les collections Modern, Classic, Shower pour les meilleurs projets d\u2019 am\u00e9nagement de l\u2019espace salle de bain.\",\"breadcrumb\":{\"@id\":\"https:\/\/www.zazzeri.fr\/about-2\/#breadcrumb\"},\"inLanguage\":\"fr-FR\",\"potentialAction\":[{\"@type\":\"ReadAction\",\"target\":[\"https:\/\/www.zazzeri.fr\/about-2\/\"]}]},{\"@type\":\"BreadcrumbList\",\"@id\":\"https:\/\/www.zazzeri.fr\/about-2\/#breadcrumb\",\"itemListElement\":[{\"@type\":\"ListItem\",\"position\":1,\"name\":\"Home\",\"item\":\"https:\/\/www.zazzeri.fr\/\"},{\"@type\":\"ListItem\",\"position\":2,\"name\":\"About\"}]},{\"@type\":\"WebSite\",\"@id\":\"https:\/\/www.zazzeri-armaturen.de\/#website\",\"url\":\"https:\/\/www.zazzeri-armaturen.de\/\",\"name\":\"Rubinetterie Zazzeri\",\"description\":\"\",\"publisher\":{\"@id\":\"https:\/\/www.zazzeri-armaturen.de\/#organization\"},\"potentialAction\":[{\"@type\":\"SearchAction\",\"target\":{\"@type\":\"EntryPoint\",\"urlTemplate\":\"https:\/\/www.zazzeri-armaturen.de\/?s={search_term_string}\"},\"query-input\":\"required name=search_term_string\"}],\"inLanguage\":\"fr-FR\"},{\"@type\":\"Organization\",\"@id\":\"https:\/\/www.zazzeri-armaturen.de\/#organization\",\"name\":\"Zazzeri Rubinetterie\",\"url\":\"https:\/\/www.zazzeri-armaturen.de\/\",\"sameAs\":[],\"logo\":{\"@type\":\"ImageObject\",\"inLanguage\":\"fr-FR\",\"@id\":\"https:\/\/www.zazzeri-armaturen.de\/#\/schema\/logo\/image\/\",\"url\":\"https:\/\/www.zazzeri.es\/wp-content\/uploads\/\/2019\/02\/logo_zazzeri_90_web_mail_N.jpg\",\"contentUrl\":\"https:\/\/www.zazzeri.es\/wp-content\/uploads\/\/2019\/02\/logo_zazzeri_90_web_mail_N.jpg\",\"width\":410,\"height\":100,\"caption\":\"Zazzeri Rubinetterie\"},\"image\":{\"@id\":\"https:\/\/www.zazzeri-armaturen.de\/#\/schema\/logo\/image\/\"}}]}<\/script>\n<!-- \/ Yoast SEO plugin. -->","yoast_head_json":{"title":"Zazzeri, est depuis sa cr\u00e9ation en 1929, robinetteries de design pour la salle de bains","description":"Depuis 1929 Zazzeri travaille sur les robinetteries de design, aujourd\u2019hui d\u00e9clin\u00e9es dans les collections Modern, Classic, Shower pour les meilleurs projets d\u2019 am\u00e9nagement de l\u2019espace salle de bain.","robots":{"index":"index","follow":"follow","max-snippet":"max-snippet:-1","max-image-preview":"max-image-preview:large","max-video-preview":"max-video-preview:-1"},"canonical":"https:\/\/www.zazzeri.fr\/about-2\/","og_locale":"fr_FR","og_type":"article","og_title":"Zazzeri, est depuis sa cr\u00e9ation en 1929, robinetteries de design pour la salle de bains","og_description":"Depuis 1929 Zazzeri travaille sur les robinetteries de design, aujourd\u2019hui d\u00e9clin\u00e9es dans les collections Modern, Classic, Shower pour les meilleurs projets d\u2019 am\u00e9nagement de l\u2019espace salle de bain.","og_url":"https:\/\/www.zazzeri.fr\/about-2\/","og_site_name":"Rubinetterie Zazzeri","article_modified_time":"2021-10-12T15:51:02+00:00","twitter_card":"summary_large_image","twitter_misc":{"Dur\u00e9e de lecture estim\u00e9e":"2 minutes"},"schema":{"@context":"https:\/\/schema.org","@graph":[{"@type":"WebPage","@id":"https:\/\/www.zazzeri.fr\/about-2\/","url":"https:\/\/www.zazzeri.fr\/about-2\/","name":"Zazzeri, est depuis sa cr\u00e9ation en 1929, robinetteries de design pour la salle de bains","isPartOf":{"@id":"https:\/\/www.zazzeri-armaturen.de\/#website"},"datePublished":"2017-05-08T13:02:47+00:00","dateModified":"2021-10-12T15:51:02+00:00","description":"Depuis 1929 Zazzeri travaille sur les robinetteries de design, aujourd\u2019hui d\u00e9clin\u00e9es dans les collections Modern, Classic, Shower pour les meilleurs projets d\u2019 am\u00e9nagement de l\u2019espace salle de bain.","breadcrumb":{"@id":"https:\/\/www.zazzeri.fr\/about-2\/#breadcrumb"},"inLanguage":"fr-FR","potentialAction":[{"@type":"ReadAction","target":["https:\/\/www.zazzeri.fr\/about-2\/"]}]},{"@type":"BreadcrumbList","@id":"https:\/\/www.zazzeri.fr\/about-2\/#breadcrumb","itemListElement":[{"@type":"ListItem","position":1,"name":"Home","item":"https:\/\/www.zazzeri.fr\/"},{"@type":"ListItem","position":2,"name":"About"}]},{"@type":"WebSite","@id":"https:\/\/www.zazzeri-armaturen.de\/#website","url":"https:\/\/www.zazzeri-armaturen.de\/","name":"Rubinetterie Zazzeri","description":"","publisher":{"@id":"https:\/\/www.zazzeri-armaturen.de\/#organization"},"potentialAction":[{"@type":"SearchAction","target":{"@type":"EntryPoint","urlTemplate":"https:\/\/www.zazzeri-armaturen.de\/?s={search_term_string}"},"query-input":"required name=search_term_string"}],"inLanguage":"fr-FR"},{"@type":"Organization","@id":"https:\/\/www.zazzeri-armaturen.de\/#organization","name":"Zazzeri Rubinetterie","url":"https:\/\/www.zazzeri-armaturen.de\/","sameAs":[],"logo":{"@type":"ImageObject","inLanguage":"fr-FR","@id":"https:\/\/www.zazzeri-armaturen.de\/#\/schema\/logo\/image\/","url":"https:\/\/www.zazzeri.es\/wp-content\/uploads\/\/2019\/02\/logo_zazzeri_90_web_mail_N.jpg","contentUrl":"https:\/\/www.zazzeri.es\/wp-content\/uploads\/\/2019\/02\/logo_zazzeri_90_web_mail_N.jpg","width":410,"height":100,"caption":"Zazzeri Rubinetterie"},"image":{"@id":"https:\/\/www.zazzeri-armaturen.de\/#\/schema\/logo\/image\/"}}]}},"_links":{"self":[{"href":"https:\/\/www.zazzeri.it\/fr\/wp-json\/wp\/v2\/pages\/20969\/"}],"collection":[{"href":"https:\/\/www.zazzeri.it\/fr\/wp-json\/wp\/v2\/pages\/"}],"about":[{"href":"https:\/\/www.zazzeri.it\/fr\/wp-json\/wp\/v2\/types\/page\/"}],"author":[{"embeddable":true,"href":"https:\/\/www.zazzeri.it\/fr\/wp-json\/wp\/v2\/users\/1\/"}],"replies":[{"embeddable":true,"href":"https:\/\/www.zazzeri.it\/fr\/wp-json\/wp\/v2\/comments\/?post=20969"}],"version-history":[{"count":1,"href":"https:\/\/www.zazzeri.it\/fr\/wp-json\/wp\/v2\/pages\/20969\/revisions\/"}],"predecessor-version":[{"id":67632,"href":"https:\/\/www.zazzeri.it\/fr\/wp-json\/wp\/v2\/pages\/20969\/revisions\/67632\/"}],"wp:attachment":[{"href":"https:\/\/www.zazzeri.it\/fr\/wp-json\/wp\/v2\/media\/?parent=20969"}],"curies":[{"name":"wp","href":"https:\/\/api.w.org\/{rel}","templated":true}]}}