{"id":59322,"date":"2018-06-08T12:37:19","date_gmt":"2018-06-08T10:37:19","guid":{"rendered":"https:\/\/www.zazzeri.it\/?page_id=59322"},"modified":"2018-06-08T12:37:19","modified_gmt":"2018-06-08T10:37:19","slug":"privacy","status":"publish","type":"page","link":"https:\/\/www.zazzeri.it\/es\/privacy\/","title":{"rendered":"Pol\u00edtica de privacidad"},"content":{"rendered":"<p>[vc_row][vc_column][vc_single_image image=\u00bb59133&#8243;][vc_empty_space height=\u00bb80px\u00bb][\/vc_column][\/vc_row][vc_row][vc_column][vc_column_text]<\/p>\n<ol>\n<li><a href=\"http:\/\/www.zazzeri.co.uk\/contact-information\/\">Informaci\u00f3n del contacto<\/a><\/li>\n<li><a href=\"http:\/\/www.zazzeri.co.uk\/web-site-newsletter\/\">Hoja informativa<\/a><\/li>\n<li><a href=\"http:\/\/www.zazzeri.co.uk\/customer-information\/\">Informaci\u00f3n al cliente<\/a><\/li>\n<li><a href=\"http:\/\/www.zazzeri.co.uk\/supplier-information\/\">Informaci\u00f3n del proveedor<\/a><\/li>\n<li><a href=\"http:\/\/www.zazzeri.co.uk\/technical-support\/\">Soporte t\u00e9cnico<\/a><\/li>\n<li><a href=\"http:\/\/www.zazzeri.co.uk\/privacy-policy\/\">Pol\u00edtica de privacidad<\/a><\/li>\n<\/ol>\n<p>[\/vc_column_text][\/vc_column][\/vc_row]<\/p>\n","protected":false},"excerpt":{"rendered":"<p>[vc_row][vc_column][vc_single_image image=\u00bb59133&#8243;][vc_empty_space height=\u00bb80px\u00bb][\/vc_column][\/vc_row][vc_row][vc_column][vc_column_text] Informaci\u00f3n del contacto Hoja informativa Informaci\u00f3n al cliente Informaci\u00f3n del proveedor Soporte t\u00e9cnico Pol\u00edtica de privacidad [\/vc_column_text][\/vc_column][\/vc_row]<\/p>\n","protected":false},"author":1,"featured_media":0,"parent":0,"menu_order":0,"comment_status":"closed","ping_status":"closed","template":"","meta":[],"acf":[],"yoast_head":"<!-- This site is optimized with the Yoast SEO plugin v19.8 - https:\/\/yoast.com\/wordpress\/plugins\/seo\/ -->\n<title>Pol\u00edtica de privacidad - Rubinetterie Zazzeri<\/title>\n<meta name=\"robots\" content=\"index, follow, max-snippet:-1, max-image-preview:large, max-video-preview:-1\" \/>\n<link rel=\"canonical\" href=\"https:\/\/www.zazzeri.es\/privacy\/\" \/>\n<meta property=\"og:locale\" content=\"es_ES\" \/>\n<meta property=\"og:type\" content=\"article\" \/>\n<meta property=\"og:title\" content=\"Pol\u00edtica de privacidad - Rubinetterie Zazzeri\" \/>\n<meta property=\"og:description\" content=\"[vc_row][vc_column][vc_single_image image=\u00bb59133&#8243;][vc_empty_space height=\u00bb80px\u00bb][\/vc_column][\/vc_row][vc_row][vc_column][vc_column_text] Informaci\u00f3n del contacto Hoja informativa Informaci\u00f3n al cliente Informaci\u00f3n del proveedor Soporte t\u00e9cnico Pol\u00edtica de privacidad [\/vc_column_text][\/vc_column][\/vc_row]\" \/>\n<meta property=\"og:url\" content=\"https:\/\/www.zazzeri.es\/privacy\/\" \/>\n<meta property=\"og:site_name\" content=\"Rubinetterie Zazzeri\" \/>\n<meta name=\"twitter:card\" content=\"summary_large_image\" \/>\n<script type=\"application\/ld+json\" class=\"yoast-schema-graph\">{\"@context\":\"https:\/\/schema.org\",\"@graph\":[{\"@type\":\"WebPage\",\"@id\":\"https:\/\/www.zazzeri.es\/privacy\/\",\"url\":\"https:\/\/www.zazzeri.es\/privacy\/\",\"name\":\"Pol\u00edtica de privacidad - Rubinetterie Zazzeri\",\"isPartOf\":{\"@id\":\"https:\/\/www.zazzeri-armaturen.de\/#website\"},\"datePublished\":\"2018-06-08T10:37:19+00:00\",\"dateModified\":\"2018-06-08T10:37:19+00:00\",\"breadcrumb\":{\"@id\":\"https:\/\/www.zazzeri.es\/privacy\/#breadcrumb\"},\"inLanguage\":\"es\",\"potentialAction\":[{\"@type\":\"ReadAction\",\"target\":[\"https:\/\/www.zazzeri.es\/privacy\/\"]}]},{\"@type\":\"BreadcrumbList\",\"@id\":\"https:\/\/www.zazzeri.es\/privacy\/#breadcrumb\",\"itemListElement\":[{\"@type\":\"ListItem\",\"position\":1,\"name\":\"Home\",\"item\":\"https:\/\/www.zazzeri.es\/\"},{\"@type\":\"ListItem\",\"position\":2,\"name\":\"Pol\u00edtica de privacidad\"}]},{\"@type\":\"WebSite\",\"@id\":\"https:\/\/www.zazzeri-armaturen.de\/#website\",\"url\":\"https:\/\/www.zazzeri-armaturen.de\/\",\"name\":\"Rubinetterie Zazzeri\",\"description\":\"\",\"publisher\":{\"@id\":\"https:\/\/www.zazzeri-armaturen.de\/#organization\"},\"potentialAction\":[{\"@type\":\"SearchAction\",\"target\":{\"@type\":\"EntryPoint\",\"urlTemplate\":\"https:\/\/www.zazzeri-armaturen.de\/?s={search_term_string}\"},\"query-input\":\"required name=search_term_string\"}],\"inLanguage\":\"es\"},{\"@type\":\"Organization\",\"@id\":\"https:\/\/www.zazzeri-armaturen.de\/#organization\",\"name\":\"Zazzeri Rubinetterie\",\"url\":\"https:\/\/www.zazzeri-armaturen.de\/\",\"sameAs\":[],\"logo\":{\"@type\":\"ImageObject\",\"inLanguage\":\"es\",\"@id\":\"https:\/\/www.zazzeri-armaturen.de\/#\/schema\/logo\/image\/\",\"url\":\"https:\/\/www.zazzeri.es\/wp-content\/uploads\/\/2019\/02\/logo_zazzeri_90_web_mail_N.jpg\",\"contentUrl\":\"https:\/\/www.zazzeri.es\/wp-content\/uploads\/\/2019\/02\/logo_zazzeri_90_web_mail_N.jpg\",\"width\":410,\"height\":100,\"caption\":\"Zazzeri Rubinetterie\"},\"image\":{\"@id\":\"https:\/\/www.zazzeri-armaturen.de\/#\/schema\/logo\/image\/\"}}]}<\/script>\n<!-- \/ Yoast SEO plugin. -->","yoast_head_json":{"title":"Pol\u00edtica de privacidad - Rubinetterie Zazzeri","robots":{"index":"index","follow":"follow","max-snippet":"max-snippet:-1","max-image-preview":"max-image-preview:large","max-video-preview":"max-video-preview:-1"},"canonical":"https:\/\/www.zazzeri.es\/privacy\/","og_locale":"es_ES","og_type":"article","og_title":"Pol\u00edtica de privacidad - Rubinetterie Zazzeri","og_description":"[vc_row][vc_column][vc_single_image image=\u00bb59133&#8243;][vc_empty_space height=\u00bb80px\u00bb][\/vc_column][\/vc_row][vc_row][vc_column][vc_column_text] Informaci\u00f3n del contacto Hoja informativa Informaci\u00f3n al cliente Informaci\u00f3n del proveedor Soporte t\u00e9cnico Pol\u00edtica de privacidad [\/vc_column_text][\/vc_column][\/vc_row]","og_url":"https:\/\/www.zazzeri.es\/privacy\/","og_site_name":"Rubinetterie Zazzeri","twitter_card":"summary_large_image","schema":{"@context":"https:\/\/schema.org","@graph":[{"@type":"WebPage","@id":"https:\/\/www.zazzeri.es\/privacy\/","url":"https:\/\/www.zazzeri.es\/privacy\/","name":"Pol\u00edtica de privacidad - Rubinetterie Zazzeri","isPartOf":{"@id":"https:\/\/www.zazzeri-armaturen.de\/#website"},"datePublished":"2018-06-08T10:37:19+00:00","dateModified":"2018-06-08T10:37:19+00:00","breadcrumb":{"@id":"https:\/\/www.zazzeri.es\/privacy\/#breadcrumb"},"inLanguage":"es","potentialAction":[{"@type":"ReadAction","target":["https:\/\/www.zazzeri.es\/privacy\/"]}]},{"@type":"BreadcrumbList","@id":"https:\/\/www.zazzeri.es\/privacy\/#breadcrumb","itemListElement":[{"@type":"ListItem","position":1,"name":"Home","item":"https:\/\/www.zazzeri.es\/"},{"@type":"ListItem","position":2,"name":"Pol\u00edtica de privacidad"}]},{"@type":"WebSite","@id":"https:\/\/www.zazzeri-armaturen.de\/#website","url":"https:\/\/www.zazzeri-armaturen.de\/","name":"Rubinetterie Zazzeri","description":"","publisher":{"@id":"https:\/\/www.zazzeri-armaturen.de\/#organization"},"potentialAction":[{"@type":"SearchAction","target":{"@type":"EntryPoint","urlTemplate":"https:\/\/www.zazzeri-armaturen.de\/?s={search_term_string}"},"query-input":"required name=search_term_string"}],"inLanguage":"es"},{"@type":"Organization","@id":"https:\/\/www.zazzeri-armaturen.de\/#organization","name":"Zazzeri Rubinetterie","url":"https:\/\/www.zazzeri-armaturen.de\/","sameAs":[],"logo":{"@type":"ImageObject","inLanguage":"es","@id":"https:\/\/www.zazzeri-armaturen.de\/#\/schema\/logo\/image\/","url":"https:\/\/www.zazzeri.es\/wp-content\/uploads\/\/2019\/02\/logo_zazzeri_90_web_mail_N.jpg","contentUrl":"https:\/\/www.zazzeri.es\/wp-content\/uploads\/\/2019\/02\/logo_zazzeri_90_web_mail_N.jpg","width":410,"height":100,"caption":"Zazzeri Rubinetterie"},"image":{"@id":"https:\/\/www.zazzeri-armaturen.de\/#\/schema\/logo\/image\/"}}]}},"_links":{"self":[{"href":"https:\/\/www.zazzeri.it\/es\/wp-json\/wp\/v2\/pages\/59322\/"}],"collection":[{"href":"https:\/\/www.zazzeri.it\/es\/wp-json\/wp\/v2\/pages\/"}],"about":[{"href":"https:\/\/www.zazzeri.it\/es\/wp-json\/wp\/v2\/types\/page\/"}],"author":[{"embeddable":true,"href":"https:\/\/www.zazzeri.it\/es\/wp-json\/wp\/v2\/users\/1\/"}],"replies":[{"embeddable":true,"href":"https:\/\/www.zazzeri.it\/es\/wp-json\/wp\/v2\/comments\/?post=59322"}],"version-history":[{"count":0,"href":"https:\/\/www.zazzeri.it\/es\/wp-json\/wp\/v2\/pages\/59322\/revisions\/"}],"wp:attachment":[{"href":"https:\/\/www.zazzeri.it\/es\/wp-json\/wp\/v2\/media\/?parent=59322"}],"curies":[{"name":"wp","href":"https:\/\/api.w.org\/{rel}","templated":true}]}}