{"id":20971,"date":"2017-05-08T15:02:47","date_gmt":"2017-05-08T13:02:47","guid":{"rendered":"https:\/\/www.zazzeri.it\/about\/"},"modified":"2021-10-12T17:53:50","modified_gmt":"2021-10-12T15:53:50","slug":"about-2","status":"publish","type":"page","link":"https:\/\/www.zazzeri.it\/es\/about-2\/","title":{"rendered":"About"},"content":{"rendered":"<p>[vc_row el_id=\u00bbvalori\u00bb][vc_column][vc_single_image image=\u00bb11104&#8243; alignment=\u00bbcenter\u00bb][vc_custom_heading text=\u00bbRubinetterie Zazzeri S.p.A.\u00bb font_container=\u00bbtag:h1|font_size:28|text_align:center|color:%230d0923&#8243; google_fonts=\u00bbfont_family:Nunito%3A300%2Cregular%2C700|font_style:700%20bold%20regular%3A700%3Anormal\u00bb css=\u00bb.vc_custom_1494248648379{margin-top: 15px !important;}\u00bb][vc_custom_heading text=\u00bbDesde hace m\u00e1s de 90 a\u00f1os l&#8217; excelencia en la vida cotidiana\u00bb font_container=\u00bbtag:h2|font_size:18|text_align:center|color:%230c3c60&#8243; google_fonts=\u00bbfont_family:Nunito%3A300%2Cregular%2C700|font_style:400%20regular%3A400%3Anormal\u00bb text_transform=\u00bbnone\u00bb][vc_column_text]<\/p>\n<p class=\"font_7\" style=\"text-align: center;\">Desde el 1929 Zazzeri S.pA. produce accesorios de dise\u00f1o, ahora se divide en el moderno, cl\u00e1sico y colecciones de ducha. La consistencia del estilo, la atenci\u00f3n al detalle y las soluciones t\u00e9cnicas innovadoras para los proyectos proyectos de interiores de ba\u00f1o.<br \/>\nLa experiencia, el profesionalismo, la utilizaci\u00f3n de las mejores materias primas, la atenci\u00f3n al detalle,<br \/>\nsino tambi\u00e9n un indudable talento en ser capaz de entender, ya menudo influyen en las tendencias del mercado.<br \/>\nTodo esto ha hecho Zazzeri una realidad \u00fanica, que combina el dise\u00f1o y la tradici\u00f3n.<\/p>\n<p>[\/vc_column_text][\/vc_column][\/vc_row][vc_row el_id=\u00bbstoria\u00bb][vc_column]<div id=\"ult-carousel-109428727269ea666819c93\" class=\"ult-carousel-wrapper   ult_horizontal\" data-gutter=\"15\" data-rtl=\"false\" ><div class=\"ult-carousel-155473440269ea666819c24 \" >[vc_row_inner][vc_column_inner][vc_column_text el_class=\u00bbheight-132&#8243;]<\/p>\n<div class=\"number\">1929<\/div>\n<div class=\"cit-text\">La primera producci\u00f3n de grifos fue en Via della Burella en Florencia<\/div>\n<div class=\"clear\"><\/div>\n<p>[\/vc_column_text][vc_single_image image=\u00bb11108&#8243; alignment=\u00bbcenter\u00bb][\/vc_column_inner][\/vc_row_inner][vc_row_inner][vc_column_inner][vc_column_text el_class=\u00bbheight-132&#8243;]<\/p>\n<div class=\"number\">1966<\/div>\n<div class=\"cit-text\">Los primeros grifos en lat\u00f3n<\/div>\n<div class=\"clear\"><\/div>\n<p>[\/vc_column_text][vc_single_image image=\u00bb11112&#8243; alignment=\u00bbcenter\u00bb][\/vc_column_inner][\/vc_row_inner][vc_row_inner][vc_column_inner][vc_column_text el_class=\u00bbheight-132&#8243;]<\/p>\n<div class=\"number\">1970<\/div>\n<div class=\"cit-text\">Zazzeri inventa el color en la griferia nuevos<\/div>\n<div class=\"clear\"><\/div>\n<p>[\/vc_column_text][vc_single_image image=\u00bb11116&#8243; alignment=\u00bbcenter\u00bb][\/vc_column_inner][\/vc_row_inner][vc_row_inner][vc_column_inner][vc_column_text el_class=\u00bbheight-132&#8243;]<\/p>\n<div class=\"number\">1975<\/div>\n<div class=\"cit-text\">El nuevo logo<\/div>\n<div class=\"clear\"><\/div>\n<p>[\/vc_column_text][vc_single_image image=\u00bb11120&#8243; alignment=\u00bbcenter\u00bb][\/vc_column_inner][\/vc_row_inner][vc_row_inner][vc_column_inner][vc_column_text el_class=\u00bbheight-132&#8243;]<\/p>\n<div class=\"number\">1977<\/div>\n<div class=\"cit-text\">Los nuevos productos confirman Zazzeri como la marca de referencia en el mundo del dise\u00f1o de interiores<\/div>\n<p>[\/vc_column_text][vc_single_image image=\u00bb11124&#8243; alignment=\u00bbcenter\u00bb][\/vc_column_inner][\/vc_row_inner][vc_row_inner][vc_column_inner][vc_column_text el_class=\u00bbheight-132&#8243;]<\/p>\n<div class=\"number\">1988<\/div>\n<div class=\"cit-text\">Zazzeri esta en el Moma de New York<\/div>\n<div class=\"clear\"><\/div>\n<p>[\/vc_column_text][vc_single_image image=\u00bb11128&#8243; alignment=\u00bbcenter\u00bb][\/vc_column_inner][\/vc_row_inner][vc_row_inner][vc_column_inner][vc_column_text el_class=\u00bbheight-132&#8243;]<\/p>\n<div class=\"number\">1990<\/div>\n<div class=\"cit-text\">El proceso de renovaci\u00f3n lleva a Zazzeri a convertirse en una de las industrias m\u00e1s avanzadas.<\/div>\n<p>[\/vc_column_text][vc_single_image image=\u00bb11132&#8243; alignment=\u00bbcenter\u00bb][\/vc_column_inner][\/vc_row_inner][vc_row_inner][vc_column_inner][vc_column_text el_class=\u00bbheight-132&#8243;]<\/p>\n<div class=\"number\">2000<\/div>\n<div class=\"cit-text\">Zazzeri interpreta el grifo en el nuevo siglo<\/div>\n<div class=\"clear\"><\/div>\n<p>[\/vc_column_text][vc_single_image image=\u00bb11136&#8243; alignment=\u00bbcenter\u00bb][\/vc_column_inner][\/vc_row_inner][vc_row_inner][vc_column_inner][vc_column_text el_class=\u00bbheight-132&#8243;]<\/p>\n<div class=\"number\">2010<\/div>\n<div class=\"cit-text\">Zazzeri hoy es el l\u00edder del mercado<\/div>\n<div class=\"clear\"><\/div>\n<p>[\/vc_column_text][vc_single_image image=\u00bb11140&#8243; alignment=\u00bbcenter\u00bb][\/vc_column_inner][\/vc_row_inner]<\/div><\/div>\t\t\t<script type=\"text\/javascript\">\n\t\t\t\tjQuery(document).ready(function ($) {\n\t\t\t\t\t$('.ult-carousel-155473440269ea666819c24').slick({dots: true,autoplay: true,autoplaySpeed: 5000,speed: 300,infinite: true,arrows: true,nextArrow: '<button type=\"button\" role=\"button\" aria-label=\"Next\" style=\"color:#333333; font-size:20px;\" class=\"slick-next default\"><i class=\"ultsl-arrow-right4\"><\/i><\/button>',prevArrow: '<button type=\"button\" role=\"button\" aria-label=\"Previous\" style=\"color:#333333; font-size:20px;\" class=\"slick-prev default\"><i class=\"ultsl-arrow-left4\"><\/i><\/button>',slidesToScroll:1,slidesToShow:1,swipe: true,draggable: true,touchMove: true,pauseOnHover: true,responsive: [\n\t\t\t\t\t\t\t{\n\t\t\t\t\t\t\t  breakpoint: 1025,\n\t\t\t\t\t\t\t  settings: {\n\t\t\t\t\t\t\t\tslidesToShow: 1,\n\t\t\t\t\t\t\t\tslidesToScroll: 1,  \n\t\t\t\t\t\t\t  }\n\t\t\t\t\t\t\t},\n\t\t\t\t\t\t\t{\n\t\t\t\t\t\t\t  breakpoint: 769,\n\t\t\t\t\t\t\t  settings: {\n\t\t\t\t\t\t\t\tslidesToShow: 1,\n\t\t\t\t\t\t\t\tslidesToScroll: 1\n\t\t\t\t\t\t\t  }\n\t\t\t\t\t\t\t},\n\t\t\t\t\t\t\t{\n\t\t\t\t\t\t\t  breakpoint: 481,\n\t\t\t\t\t\t\t  settings: {\n\t\t\t\t\t\t\t\tslidesToShow: 1,\n\t\t\t\t\t\t\t\tslidesToScroll: 1\n\t\t\t\t\t\t\t  }\n\t\t\t\t\t\t\t}\n\t\t\t\t\t\t],pauseOnDotsHover: true,customPaging: function(slider, i) {\n                   return '<i type=\"button\" style=\"color:#333333;\" class=\"ultsl-record\" data-role=\"none\"><\/i>';\n                },});\n\t\t\t\t});\n\t\t\t<\/script>\n\t\t\t[\/vc_column][\/vc_row][vc_row][vc_column][\/vc_column][\/vc_row]<\/p>\n","protected":false},"excerpt":{"rendered":"<p>[vc_row el_id=\u00bbvalori\u00bb][vc_column][vc_single_image image=\u00bb11104&#8243; alignment=\u00bbcenter\u00bb][vc_custom_heading text=\u00bbRubinetterie Zazzeri S.p.A.\u00bb font_container=\u00bbtag:h1|font_size:28|text_align:center|color:%230d0923&#8243; google_fonts=\u00bbfont_family:Nunito%3A300%2Cregular%2C700|font_style:700%20bold%20regular%3A700%3Anormal\u00bb css=\u00bb.vc_custom_1494248648379{margin-top: 15px !important;}\u00bb][vc_custom_heading text=\u00bbDesde hace m\u00e1s de 90 a\u00f1os l&#8217; excelencia [&hellip;]<\/p>\n","protected":false},"author":1,"featured_media":0,"parent":0,"menu_order":0,"comment_status":"closed","ping_status":"closed","template":"","meta":[],"acf":[],"yoast_head":"<!-- This site is optimized with the Yoast SEO plugin v19.8 - https:\/\/yoast.com\/wordpress\/plugins\/seo\/ -->\n<title>About - Rubinetterie Zazzeri<\/title>\n<meta name=\"robots\" content=\"index, follow, max-snippet:-1, max-image-preview:large, max-video-preview:-1\" \/>\n<link rel=\"canonical\" href=\"https:\/\/www.zazzeri.es\/about-2\/\" \/>\n<meta property=\"og:locale\" content=\"es_ES\" \/>\n<meta property=\"og:type\" content=\"article\" \/>\n<meta property=\"og:title\" content=\"About - Rubinetterie Zazzeri\" \/>\n<meta property=\"og:description\" content=\"[vc_row el_id=\u00bbvalori\u00bb][vc_column][vc_single_image image=\u00bb11104&#8243; alignment=\u00bbcenter\u00bb][vc_custom_heading text=\u00bbRubinetterie Zazzeri S.p.A.\u00bb font_container=\u00bbtag:h1|font_size:28|text_align:center|color:%230d0923&#8243; google_fonts=\u00bbfont_family:Nunito%3A300%2Cregular%2C700|font_style:700%20bold%20regular%3A700%3Anormal\u00bb css=\u00bb.vc_custom_1494248648379{margin-top: 15px !important;}\u00bb][vc_custom_heading text=\u00bbDesde hace m\u00e1s de 90 a\u00f1os l&#8217; excelencia [&hellip;]\" \/>\n<meta property=\"og:url\" content=\"https:\/\/www.zazzeri.es\/about-2\/\" \/>\n<meta property=\"og:site_name\" content=\"Rubinetterie Zazzeri\" \/>\n<meta property=\"article:modified_time\" content=\"2021-10-12T15:53:50+00:00\" \/>\n<meta name=\"twitter:card\" content=\"summary_large_image\" \/>\n<meta name=\"twitter:label1\" content=\"Tiempo de lectura\" \/>\n\t<meta name=\"twitter:data1\" content=\"2 minutos\" \/>\n<script type=\"application\/ld+json\" class=\"yoast-schema-graph\">{\"@context\":\"https:\/\/schema.org\",\"@graph\":[{\"@type\":\"WebPage\",\"@id\":\"https:\/\/www.zazzeri.es\/about-2\/\",\"url\":\"https:\/\/www.zazzeri.es\/about-2\/\",\"name\":\"About - Rubinetterie Zazzeri\",\"isPartOf\":{\"@id\":\"https:\/\/www.zazzeri-armaturen.de\/#website\"},\"datePublished\":\"2017-05-08T13:02:47+00:00\",\"dateModified\":\"2021-10-12T15:53:50+00:00\",\"breadcrumb\":{\"@id\":\"https:\/\/www.zazzeri.es\/about-2\/#breadcrumb\"},\"inLanguage\":\"es\",\"potentialAction\":[{\"@type\":\"ReadAction\",\"target\":[\"https:\/\/www.zazzeri.es\/about-2\/\"]}]},{\"@type\":\"BreadcrumbList\",\"@id\":\"https:\/\/www.zazzeri.es\/about-2\/#breadcrumb\",\"itemListElement\":[{\"@type\":\"ListItem\",\"position\":1,\"name\":\"Home\",\"item\":\"https:\/\/www.zazzeri.es\/\"},{\"@type\":\"ListItem\",\"position\":2,\"name\":\"About\"}]},{\"@type\":\"WebSite\",\"@id\":\"https:\/\/www.zazzeri-armaturen.de\/#website\",\"url\":\"https:\/\/www.zazzeri-armaturen.de\/\",\"name\":\"Rubinetterie Zazzeri\",\"description\":\"\",\"publisher\":{\"@id\":\"https:\/\/www.zazzeri-armaturen.de\/#organization\"},\"potentialAction\":[{\"@type\":\"SearchAction\",\"target\":{\"@type\":\"EntryPoint\",\"urlTemplate\":\"https:\/\/www.zazzeri-armaturen.de\/?s={search_term_string}\"},\"query-input\":\"required name=search_term_string\"}],\"inLanguage\":\"es\"},{\"@type\":\"Organization\",\"@id\":\"https:\/\/www.zazzeri-armaturen.de\/#organization\",\"name\":\"Zazzeri Rubinetterie\",\"url\":\"https:\/\/www.zazzeri-armaturen.de\/\",\"sameAs\":[],\"logo\":{\"@type\":\"ImageObject\",\"inLanguage\":\"es\",\"@id\":\"https:\/\/www.zazzeri-armaturen.de\/#\/schema\/logo\/image\/\",\"url\":\"https:\/\/www.zazzeri.es\/wp-content\/uploads\/\/2019\/02\/logo_zazzeri_90_web_mail_N.jpg\",\"contentUrl\":\"https:\/\/www.zazzeri.es\/wp-content\/uploads\/\/2019\/02\/logo_zazzeri_90_web_mail_N.jpg\",\"width\":410,\"height\":100,\"caption\":\"Zazzeri Rubinetterie\"},\"image\":{\"@id\":\"https:\/\/www.zazzeri-armaturen.de\/#\/schema\/logo\/image\/\"}}]}<\/script>\n<!-- \/ Yoast SEO plugin. -->","yoast_head_json":{"title":"About - Rubinetterie Zazzeri","robots":{"index":"index","follow":"follow","max-snippet":"max-snippet:-1","max-image-preview":"max-image-preview:large","max-video-preview":"max-video-preview:-1"},"canonical":"https:\/\/www.zazzeri.es\/about-2\/","og_locale":"es_ES","og_type":"article","og_title":"About - Rubinetterie Zazzeri","og_description":"[vc_row el_id=\u00bbvalori\u00bb][vc_column][vc_single_image image=\u00bb11104&#8243; alignment=\u00bbcenter\u00bb][vc_custom_heading text=\u00bbRubinetterie Zazzeri S.p.A.\u00bb font_container=\u00bbtag:h1|font_size:28|text_align:center|color:%230d0923&#8243; google_fonts=\u00bbfont_family:Nunito%3A300%2Cregular%2C700|font_style:700%20bold%20regular%3A700%3Anormal\u00bb css=\u00bb.vc_custom_1494248648379{margin-top: 15px !important;}\u00bb][vc_custom_heading text=\u00bbDesde hace m\u00e1s de 90 a\u00f1os l&#8217; excelencia [&hellip;]","og_url":"https:\/\/www.zazzeri.es\/about-2\/","og_site_name":"Rubinetterie Zazzeri","article_modified_time":"2021-10-12T15:53:50+00:00","twitter_card":"summary_large_image","twitter_misc":{"Tiempo de lectura":"2 minutos"},"schema":{"@context":"https:\/\/schema.org","@graph":[{"@type":"WebPage","@id":"https:\/\/www.zazzeri.es\/about-2\/","url":"https:\/\/www.zazzeri.es\/about-2\/","name":"About - Rubinetterie Zazzeri","isPartOf":{"@id":"https:\/\/www.zazzeri-armaturen.de\/#website"},"datePublished":"2017-05-08T13:02:47+00:00","dateModified":"2021-10-12T15:53:50+00:00","breadcrumb":{"@id":"https:\/\/www.zazzeri.es\/about-2\/#breadcrumb"},"inLanguage":"es","potentialAction":[{"@type":"ReadAction","target":["https:\/\/www.zazzeri.es\/about-2\/"]}]},{"@type":"BreadcrumbList","@id":"https:\/\/www.zazzeri.es\/about-2\/#breadcrumb","itemListElement":[{"@type":"ListItem","position":1,"name":"Home","item":"https:\/\/www.zazzeri.es\/"},{"@type":"ListItem","position":2,"name":"About"}]},{"@type":"WebSite","@id":"https:\/\/www.zazzeri-armaturen.de\/#website","url":"https:\/\/www.zazzeri-armaturen.de\/","name":"Rubinetterie Zazzeri","description":"","publisher":{"@id":"https:\/\/www.zazzeri-armaturen.de\/#organization"},"potentialAction":[{"@type":"SearchAction","target":{"@type":"EntryPoint","urlTemplate":"https:\/\/www.zazzeri-armaturen.de\/?s={search_term_string}"},"query-input":"required name=search_term_string"}],"inLanguage":"es"},{"@type":"Organization","@id":"https:\/\/www.zazzeri-armaturen.de\/#organization","name":"Zazzeri Rubinetterie","url":"https:\/\/www.zazzeri-armaturen.de\/","sameAs":[],"logo":{"@type":"ImageObject","inLanguage":"es","@id":"https:\/\/www.zazzeri-armaturen.de\/#\/schema\/logo\/image\/","url":"https:\/\/www.zazzeri.es\/wp-content\/uploads\/\/2019\/02\/logo_zazzeri_90_web_mail_N.jpg","contentUrl":"https:\/\/www.zazzeri.es\/wp-content\/uploads\/\/2019\/02\/logo_zazzeri_90_web_mail_N.jpg","width":410,"height":100,"caption":"Zazzeri Rubinetterie"},"image":{"@id":"https:\/\/www.zazzeri-armaturen.de\/#\/schema\/logo\/image\/"}}]}},"_links":{"self":[{"href":"https:\/\/www.zazzeri.it\/es\/wp-json\/wp\/v2\/pages\/20971\/"}],"collection":[{"href":"https:\/\/www.zazzeri.it\/es\/wp-json\/wp\/v2\/pages\/"}],"about":[{"href":"https:\/\/www.zazzeri.it\/es\/wp-json\/wp\/v2\/types\/page\/"}],"author":[{"embeddable":true,"href":"https:\/\/www.zazzeri.it\/es\/wp-json\/wp\/v2\/users\/1\/"}],"replies":[{"embeddable":true,"href":"https:\/\/www.zazzeri.it\/es\/wp-json\/wp\/v2\/comments\/?post=20971"}],"version-history":[{"count":1,"href":"https:\/\/www.zazzeri.it\/es\/wp-json\/wp\/v2\/pages\/20971\/revisions\/"}],"predecessor-version":[{"id":67634,"href":"https:\/\/www.zazzeri.it\/es\/wp-json\/wp\/v2\/pages\/20971\/revisions\/67634\/"}],"wp:attachment":[{"href":"https:\/\/www.zazzeri.it\/es\/wp-json\/wp\/v2\/media\/?parent=20971"}],"curies":[{"name":"wp","href":"https:\/\/api.w.org\/{rel}","templated":true}]}}